{"id":141,"date":"2019-10-02T13:39:01","date_gmt":"2019-10-02T11:39:01","guid":{"rendered":"http:\/\/anies.ro\/blog\/?page_id=141"},"modified":"2020-05-31T14:25:48","modified_gmt":"2020-05-31T12:25:48","slug":"141-2","status":"publish","type":"page","link":"https:\/\/anies.ro\/blog\/repere-istorice-2\/141-2\/","title":{"rendered":"Iustin Ilie\u0219iu"},"content":{"rendered":"<h2><img decoding=\"async\" loading=\"lazy\" class=\"aligncenter size-full wp-image-145\" src=\"https:\/\/anies.ro\/blog\/wp-content\/uploads\/2019\/10\/Iustin-Iliesiu.jpg\" alt=\"\" width=\"328\" height=\"466\" srcset=\"https:\/\/anies.ro\/blog\/wp-content\/uploads\/2019\/10\/Iustin-Iliesiu.jpg 328w, https:\/\/anies.ro\/blog\/wp-content\/uploads\/2019\/10\/Iustin-Iliesiu-211x300.jpg 211w\" sizes=\"(max-width: 328px) 100vw, 328px\" \/><\/h2>\n<h2 class=\"font_2\"><strong>Fragment de autobiografie<\/strong><\/h2>\n<p class=\"font_8\">&#8222;<em>M-am nascut la data de 18 martie 1900 in comuna Maieru, din parintii Laurentiu Iliesiu si Irina Iliesiu, nascuta Rus, amandoi odrasle de oameni instariti, tata fiu de intelectual satesc, iar mama fiica de sateni cu stiinta de carte. Scoala primara am facut-o \u2013 clasa I si II in satul meu, la dascalul Barna, un vestit pedagog, iar clasele 3 si 4 le-am terminat in catunul Anies, la scoala de stat, unde mergeam in fiecare dimineata si veneam seara acasa, dus si adus de cele mai multe ori de buna mea mama Irina, ori de vreun vecin platit. [&#8230;] Eu am fost sarbatorit si in Ardeal, in satul meu natal Maieru. Aici este unul dintre cele mai bine organizate si frumoase muzee satesti din tara.[&#8230;]. Aici se pastreaza si unul portretele mele pictat de maestrul Liviu Bordeaux.[&#8230;]<\/em>.&#8221;<\/p>\n<p class=\"font_8\">(Iustin Iliesiu 27.04.1975)<\/p>\n<p class=\"font_8\"><span class=\"wixGuard\">\u200b<\/span><strong>Biografie<\/strong><\/p>\n<p class=\"font_8\">Dupa terminarea scolii primare urmeaza cursurile Liceului lutheran de la Bistrita, dupa care le continua in Liceul Graniceresc de la Nasaud si le termina la Blaj in 1918. Daca la primul studiase pentru a-si insusi bine limba germana, la al doilea ca era cel romanesc si aproape de casa, la Blaj ajunsese din motivul marturisist intr-un text scris : \u201cCand a intrat Romania in razboi in 1916, sufletul meu de roman granicer, m-a impuns si am scris pe zidurile liceului : \u00ab Traiasca Romania Mare \u00bb \u201c.<\/p>\n<p class=\"font_8\">Eliminat fiind a luat drumul Blajului si a fost primit cu atentie si simpatie de profesorul si scriitorul Alexandru Ciura, fiindca elevul se facuse deja cunoscut ca poet cu colaborari la presa romaneasca si un volum tiparit \u201ePoezii din rezbel&#8221; (1914-1915),, la Editura I. Ciurcu din Brasov.<\/p>\n<p class=\"font_8\">Incepand din 1919, urmeaza la Cluj, Facultatea de Litere si Filosofie si Facultatea de Drept, devenind profesor la Liceul Reformat (1927-1940) si director al scolilor industriale din Cluj (1932-1940).<\/p>\n<p class=\"font_8\">In 1940, in urma Dictatului de la Viena, se refugiaza la Bucuresti, unde este director al Scolii Profesionale nr. 17 si profesor de limba si literatura romana la alte doua scoli, pana la pensionare (1957).<\/p>\n<p class=\"font_8\">Tot aici moare la 30 decembrie 1976. La Cluj a fost intre 1919 si 1925 redactor si prim-redactor al ziarului \u201eGlasul libertatii&#8221;, iar din 1921, secretar de redactie al revistei \u201eEvolutia&#8221;, redactor la ziarul \u201eVointa&#8221;, din 1926 lucrand ca redactor intern la ziarul \u201eBiruinta&#8221;, apoi la \u201eNatiunea romana&#8221;, iar intre anii 1941 si 1944, la Bucuresti, ca redactor la ziarul \u201eArdealul&#8221;. A mai fost redactor pentru Cluj al revistei \u201eCele trei Crisuri&#8221; din Oradea si al ziarelor bucurestene \u201ePolitica&#8221; si \u201eCurentul&#8221;.<\/p>\n<p class=\"font_8\">Volumul de versuri \u201eCetatile melancoliei&#8221; (1923), nu a adus un timbru personal, incat Perpessicius l-a intampinat astfel: \u201eE atata lipsa de simt autocritic, atata virtuozitate in absenta oricarui accent sincer, incat si cele cateva reriiniscente, influentele de cari e imprimata poezia d-lui Iliesiu, nu pot nimic pe langa recordul lipsei d-sale de personalitate.&#8221;<\/p>\n<p class=\"font_8\">Abia cu doua plachete tarzii, Langa hotar (1943) si Sangerari ardelene (1944), poezia sa capata mai multa individualitate. Ultima dintre acestea exprima de la un capat la altul jalea Transilvaniei de Nord, inrobita in urma Dictatului de la Viena. Este marturisirea unui pribeag, plangere a dorului de casa, poetul evocand fie plaiul transilvan aflat sub \u201estea fatala&#8221;, fie conturand portrete emblematice precum mama, dascalita, clopotarul, morarul, cioplitorul de cruci, crasnicul.<\/p>\n<p class=\"font_8\">In succesiunea lui Octavian Goga, St. O. Iosif si Aron Cotrus, Iliesiu scrie mai cu seama o poezie a afirmarii valorilor transilvane, ca in aceasta drastica imprecatie:<\/p>\n<p class=\"font_8\" style=\"text-align: center;\">&#8222;Voua ce v-a dat Ardealul,<br \/>\nCe va leaga de Ardeal?<br \/>\nNoua: Sarmizegetusa,<br \/>\nCu viteazul Decebal,<br \/>\nMaramuresul pe Dragos,<br \/>\nFalnic descalecator,<br \/>\nSi Salajul pe Barnutiu,<br \/>\nMesterul cuvantator.<br \/>\nVoua ce v-a dat Ardealul?<br \/>\nNoua? Pe Iosif Vulcan,<br \/>\nLupta pentru libertate:<br \/>\nHoria, Closca si Crisan.<br \/>\nSatu Mare: vechi biserici,<br \/>\nSi pe Leul din Sisesti &#8211;<br \/>\nIar Nasaudul cu muntii:<br \/>\nGranicerii-mparatesti.&#8221;<\/p>\n<p class=\"font_8\">Iustin Ilie\u015fiu mai contribuie, al\u0103turi de Demetru Bo\u015fca, Olimpiu Barna, Emil Bo\u015fca M\u0103lin, Dariu Pop etc., la culegerea \u015fi cunoa\u015fterea crea\u0163iei populare n\u0103s\u0103udene. \u00cen ampla colec\u0163ie Poezii \u015fi basme populare din Mun\u0163ii Rodnei (1967) \u015fi \u00een altele de mai mici dimensiuni este adept al \u201e\u00eenfrumuse\u0163\u0103rii&#8221; folclorului de c\u0103tre culeg\u0103tor. [1]<\/p>\n<p class=\"font_8\">In 2006, la Editura Napoca Star a aparut volumul &#8222;Poezii&#8221; al scriitorului Iustin Iliesiu. Volumul, o antologie cu studiu introductiv, cronologie si nota a editorului, semnate de profesorul Sever Ursa, contine poezii scrise inainte si dupa cele doua Razboaie Mondiale, \u201cMuntii nostri aur poarta\u201d, \u201dSangerari ardelene\u201d, \u201cLanga hotar\u201d, La panda\u201d, \u201cDezrobire\u201d, \u201cTrepte de aur\u201d.<\/p>\n<p class=\"font_8\">\u201cOropsit si ocultat in anii totalitarismului, \u00abpoetul sangerarilor ardelene\u00bb, cum era supranumit in epoca, a ramas pe nedrept marginalizat, iar pentru generatiile tinere este aproape un necunoscut (&#8230;) dupa anul 1945 s-a scris putin, aproape timid si pe furis despre acest darz partas si cantaret al Marii Uniri si al refugiului ardelean dintre anii 1940 si 1945. Act reparatoriu intarziat, dar nu tardiv, prezentarea generoasa facuta de profesorul Ursa este binevenita in contextul in care Iustin Iliesiu era aproape uitat, minimalizat fiind de istoria literara, care nu i-a recunoscut meritele decat partial, neluandu-i in seama opera de traducator.<\/p>\n<p class=\"font_8\">Duioase si de o simplitate care aduce cu rugaciunea, poeziile lui Iustin Iliesiu se adreseaza sufletului avid de lumina primordiala a satului ardelean.<span class=\"wixGuard\">\u200b<\/span><\/p>\n<p class=\"font_8\">Exemplificam spre ilustrare cu cateva fragmente din poemul \u201cScrisoare din spital\u201d:<\/p>\n<p class=\"font_8\" style=\"text-align: center;\">&#8222;Aprinde, mama, lumanarea<br \/>\nDeparte-acolo-n satul meu,<br \/>\nAprinde, mama lumanarea<br \/>\nSi roaga-te lui Dumnezeu&#8230;<\/p>\n<p style=\"text-align: center;\">In noaptea aceasta-ntunecoasa<br \/>\nEu stau culcat intr-un spital,<br \/>\nUn fulger pieptul imi apasa<br \/>\nMi-e dor de sat, mi-e dor de casa<br \/>\nMi-e dor de scumpul meu Ardeal&#8221;.<\/p>\n<p style=\"text-align: center;\">Sau:<br \/>\n\u201dMa prinde cateodata dorul<br \/>\nSa cant un cantec de la noi,<br \/>\nUn cantec auzit pe vremuri<br \/>\nIn satul turmelor de oi&#8230;\u201d<br \/>\n[2]<\/p>\n<h2 class=\"font_2\"><strong>Opera literara<\/strong><\/h2>\n<p>Dintr-o lista alcatuita de insusi Iustin Ilesiu rezulta ca a tiparit 32 de titluri, a lasat in manuscris 35 de volume de poezii, 16 volume de proza (povestiri, schite, marturisiri, insemnari). Dintre acestea enumeram mai jos cateva in ordine cronologica:<\/p>\n<p>\u2022 Poezii de rezbel (1914-1915), Editura I. Ciucur, Brasov.<br \/>\n\u2022 Muntii nostri aur poarta, Biblioteca \u201cCartea pentru toti\u201d, Budapesta 1917.<br \/>\n\u2022 Colacarie care se zice la nunti, Edit. Aug. Deac, Gherla, 1918<br \/>\n\u2022 Florile Ardealului (doine si chiuituri din popor), Edit. F. Pol, 1920.<br \/>\n\u2022 Laura (traduceri, antologia lit. moderne maghiare), Edit. Franklin, Oradea, 1922.<br \/>\n\u2022 Cetatile melancoliei, Edit. Radio Cluj, 1923<br \/>\n\u2022 Cartea de visuri Roata norocului, Edit. \u201cLumea si Tara\u201d, Cluj 1924<br \/>\n\u2022 Cheia viitorului, Cluj, 1925<br \/>\n\u2022 Florile dalbe Colinde din popor , Cluj, 1926<br \/>\n\u2022 Colacarie si alte versuri glumete, Cluj, 1930<br \/>\n\u2022 Anuarul Scolii de ucenici ind. si comerc., Cluj, 1934\/35<br \/>\n\u2022 Idem 1935\/36.<br \/>\n\u2022 Epistolar sau iscusita carte pentru ticluirea scrisorilor, Edit. Kraft si Dortleff,Sibiu, 1936.<br \/>\n\u2022 Curs complet pentru invatamantul ucenicilor an. I, Edit. Cartea Rom. Cluj<br \/>\n\u2022 Idem an. II, Romana, Istoria si Geografia.<br \/>\n\u2022 Durerea neamului, Cluj, 1940<br \/>\n\u2022 Spre biruinta (poezii), Buc. 1942.<br \/>\n\u2022 Langa hotar (poezii), Buc. 1943.<br \/>\n\u2022 Calendarul \u201cArdealul\u201d, Bucuresti, 1943.<br \/>\n\u2022 Tara din poveste (poezii pt. copii), Edit. Cioflec, Buc. 1944.<br \/>\n\u2022 Sangerari ardelene (poezii) idem 1945.<br \/>\n\u2022 Cerbul cu stea de aur in frunte, Buc. Edit. S.A.R.E.C., 1945.<br \/>\n\u2022 Antologia lit. maghiare Colaborare, Edit. pt. literat. Universala, 1968.<br \/>\n\u2022 Idem 1967.<br \/>\n\u2022 Folclor din Transilvania, Buc. Edit. pt. literatura, 1967.<br \/>\n\u2022 Filon cel viteaz (basme), idem 1967.<br \/>\n\u2022 Ispravile vulpii, Edit. Tineretului, Buc. 1968.<br \/>\n\u2022 Ileana cea norocoasa (basme), Edit. tineretului, 1968.<br \/>\n\u2022 Calul cu poctoave de aur (basme), Edit. Tineretului, 1968.<br \/>\n\u2022 Das Pferd mit der Goldenen Hofeisen, idem, 1969.<br \/>\n\u2022 Trepte de aur (poezii), Edit. Litera, Bucuresti, 1973.<\/p>\n<p class=\"font_8\">[3]<\/p>\n<p class=\"font_8\"><strong>Bibliografie<\/strong><\/p>\n<p class=\"font_8\">[1] http:\/\/www.crispedia.ro<br \/>\n[2] http:\/\/www.mesagerul.ro\/2006\/10\/09\/aparut-volumul-poezii-de-iustin-iliesiu<br \/>\n[3] \u201cCetatea Rodnei\u201d, anul VII, nr. 15, decembrie 2010<\/p>\n<div id='gallery-1' class='gallery galleryid-141 gallery-columns-2 gallery-size-thumbnail'><figure class='gallery-item'>\n\t\t\t<div class='gallery-icon portrait'>\n\t\t\t\t<a href='https:\/\/anies.ro\/blog\/repere-istorice-2\/141-2\/img_7943\/'><img width=\"150\" height=\"150\" src=\"https:\/\/anies.ro\/blog\/wp-content\/uploads\/2020\/05\/IMG_7943-150x150.jpg\" class=\"attachment-thumbnail size-thumbnail\" alt=\"\" decoding=\"async\" loading=\"lazy\" srcset=\"https:\/\/anies.ro\/blog\/wp-content\/uploads\/2020\/05\/IMG_7943-150x150.jpg 150w, https:\/\/anies.ro\/blog\/wp-content\/uploads\/2020\/05\/IMG_7943-100x100.jpg 100w\" sizes=\"100vw\" \/><\/a>\n\t\t\t<\/div><\/figure><figure class='gallery-item'>\n\t\t\t<div class='gallery-icon portrait'>\n\t\t\t\t<a href='https:\/\/anies.ro\/blog\/repere-istorice-2\/141-2\/img_7942\/'><img width=\"150\" height=\"150\" src=\"https:\/\/anies.ro\/blog\/wp-content\/uploads\/2020\/05\/IMG_7942-150x150.jpg\" class=\"attachment-thumbnail size-thumbnail\" alt=\"\" decoding=\"async\" loading=\"lazy\" srcset=\"https:\/\/anies.ro\/blog\/wp-content\/uploads\/2020\/05\/IMG_7942-150x150.jpg 150w, https:\/\/anies.ro\/blog\/wp-content\/uploads\/2020\/05\/IMG_7942-1206x1200.jpg 1206w, https:\/\/anies.ro\/blog\/wp-content\/uploads\/2020\/05\/IMG_7942-100x100.jpg 100w\" sizes=\"100vw\" \/><\/a>\n\t\t\t<\/div><\/figure>\n\t\t<\/div>\n\n","protected":false},"excerpt":{"rendered":"<p>Fragment de autobiografie &#8222;M-am nascut la data de 18 martie 1900 in comuna Maieru, din parintii Laurentiu Iliesiu si Irina Iliesiu, nascuta Rus, amandoi odrasle de oameni instariti, tata fiu de intelectual satesc, iar mama fiica de sateni cu stiinta de carte. Scoala primara am facut-o \u2013 clasa I si II in satul meu, la &hellip; <\/p>\n<p class=\"link-more\"><a href=\"https:\/\/anies.ro\/blog\/repere-istorice-2\/141-2\/\" class=\"more-link\">Continu\u0103 lectura<span class=\"screen-reader-text\"> \u201eIustin Ilie\u0219iu\u201d<\/span><\/a><\/p>\n","protected":false},"author":1,"featured_media":0,"parent":110,"menu_order":0,"comment_status":"closed","ping_status":"closed","template":"","meta":{"footnotes":""},"_links":{"self":[{"href":"https:\/\/anies.ro\/blog\/wp-json\/wp\/v2\/pages\/141"}],"collection":[{"href":"https:\/\/anies.ro\/blog\/wp-json\/wp\/v2\/pages"}],"about":[{"href":"https:\/\/anies.ro\/blog\/wp-json\/wp\/v2\/types\/page"}],"author":[{"embeddable":true,"href":"https:\/\/anies.ro\/blog\/wp-json\/wp\/v2\/users\/1"}],"replies":[{"embeddable":true,"href":"https:\/\/anies.ro\/blog\/wp-json\/wp\/v2\/comments?post=141"}],"version-history":[{"count":6,"href":"https:\/\/anies.ro\/blog\/wp-json\/wp\/v2\/pages\/141\/revisions"}],"predecessor-version":[{"id":524,"href":"https:\/\/anies.ro\/blog\/wp-json\/wp\/v2\/pages\/141\/revisions\/524"}],"up":[{"embeddable":true,"href":"https:\/\/anies.ro\/blog\/wp-json\/wp\/v2\/pages\/110"}],"wp:attachment":[{"href":"https:\/\/anies.ro\/blog\/wp-json\/wp\/v2\/media?parent=141"}],"curies":[{"name":"wp","href":"https:\/\/api.w.org\/{rel}","templated":true}]}}