{"id":110,"date":"2019-09-10T15:10:58","date_gmt":"2019-09-10T13:10:58","guid":{"rendered":"http:\/\/anies.ro\/blog\/?page_id=110"},"modified":"2020-04-26T14:02:13","modified_gmt":"2020-04-26T12:02:13","slug":"repere-istorice-2","status":"publish","type":"page","link":"https:\/\/anies.ro\/blog\/repere-istorice-2\/","title":{"rendered":"Repere istorice"},"content":{"rendered":"<p><strong>Anie\u0219<\/strong>\u00a0este o localitate \u00een jude\u021bul Bistri\u021ba-N\u0103s\u0103ud, Transilvania, Rom\u00e2nia, parte a comunei Maieru,\u00a0situat\u0103 la 7 km de S\u00e2ngeorz-B\u0103i, \u00een apropierea confluen\u021bei Anie\u0219ului cu Some\u0219ul Mare. Atestat documentar la 1450, a jucat un rol important \u00een ap\u0103rarea Rodnei. \u00cenc\u0103 din secolul al XVIII-lea, Anie\u0219ul este cunoscut \u0219i ca o sta\u021biune balneo-climateric\u0103, datorit\u0103 izvoarelor sale minerale.<\/p>\n<p><img decoding=\"async\" loading=\"lazy\" class=\"size-full wp-image-51 alignnone\" src=\"https:\/\/anies.ro\/blog\/wp-content\/uploads\/2017\/06\/a09659_43838dc475904387b10a90d1804d718bmv2_d_1915_1283_s_2.jpg\" alt=\"\" width=\"1878\" height=\"1258\" srcset=\"https:\/\/anies.ro\/blog\/wp-content\/uploads\/2017\/06\/a09659_43838dc475904387b10a90d1804d718bmv2_d_1915_1283_s_2.jpg 1878w, https:\/\/anies.ro\/blog\/wp-content\/uploads\/2017\/06\/a09659_43838dc475904387b10a90d1804d718bmv2_d_1915_1283_s_2-300x201.jpg 300w, https:\/\/anies.ro\/blog\/wp-content\/uploads\/2017\/06\/a09659_43838dc475904387b10a90d1804d718bmv2_d_1915_1283_s_2-768x514.jpg 768w, https:\/\/anies.ro\/blog\/wp-content\/uploads\/2017\/06\/a09659_43838dc475904387b10a90d1804d718bmv2_d_1915_1283_s_2-1024x686.jpg 1024w\" sizes=\"(max-width: 706px) 89vw, (max-width: 767px) 82vw, 740px\" \/><\/p>\n<p>In anul 2012 s-au implinit 100 de ani de la declararea Aniesului ca sat, conform lui Lelkes Gyorgy publicat in lucrarea \u201cTorzskonyvezett lakotthelyei a XX szazad vegen, Budapesta 1912\u2033. Denumirea aparuta este de Dombhatfurdo \u2013 Anies.<\/p>\n<p>&nbsp;<\/p>\n<p><strong>Sectiuni<\/strong>:<\/p>\n<ul>\n<li><a href=\"https:\/\/anies.ro\/blog\/repere-istorice-2\/cetatea-anies\/\">Cetatea Anie\u0219<\/a><\/li>\n<li><a href=\"https:\/\/anies.ro\/blog\/repere-istorice-2\/apele-minerale\/\">Apele Minerale<\/a><\/li>\n<li><a href=\"https:\/\/anies.ro\/blog\/repere-istorice-2\/magura-mare\/\">M\u0103gura Mare<\/a><\/li>\n<li><a href=\"https:\/\/anies.ro\/blog\/repere-istorice-2\/141-2\/\">Iustin Ilie\u0219iu<\/a><\/li>\n<li><a href=\"https:\/\/anies.ro\/blog\/repere-istorice-2\/centrul-de-fructe-de-padure\/\">Centrul de fructe de p\u0103dure<\/a><\/li>\n<\/ul>\n","protected":false},"excerpt":{"rendered":"<p>Anie\u0219\u00a0este o localitate \u00een jude\u021bul Bistri\u021ba-N\u0103s\u0103ud, Transilvania, Rom\u00e2nia, parte a comunei Maieru,\u00a0situat\u0103 la 7 km de S\u00e2ngeorz-B\u0103i, \u00een apropierea confluen\u021bei Anie\u0219ului cu Some\u0219ul Mare. Atestat documentar la 1450, a jucat un rol important \u00een ap\u0103rarea Rodnei. \u00cenc\u0103 din secolul al XVIII-lea, Anie\u0219ul este cunoscut \u0219i ca o sta\u021biune balneo-climateric\u0103, datorit\u0103 izvoarelor sale minerale. In anul &hellip; <\/p>\n<p class=\"link-more\"><a href=\"https:\/\/anies.ro\/blog\/repere-istorice-2\/\" class=\"more-link\">Continu\u0103 lectura<span class=\"screen-reader-text\"> \u201eRepere istorice\u201d<\/span><\/a><\/p>\n","protected":false},"author":1,"featured_media":0,"parent":0,"menu_order":0,"comment_status":"closed","ping_status":"closed","template":"","meta":{"footnotes":""},"_links":{"self":[{"href":"https:\/\/anies.ro\/blog\/wp-json\/wp\/v2\/pages\/110"}],"collection":[{"href":"https:\/\/anies.ro\/blog\/wp-json\/wp\/v2\/pages"}],"about":[{"href":"https:\/\/anies.ro\/blog\/wp-json\/wp\/v2\/types\/page"}],"author":[{"embeddable":true,"href":"https:\/\/anies.ro\/blog\/wp-json\/wp\/v2\/users\/1"}],"replies":[{"embeddable":true,"href":"https:\/\/anies.ro\/blog\/wp-json\/wp\/v2\/comments?post=110"}],"version-history":[{"count":8,"href":"https:\/\/anies.ro\/blog\/wp-json\/wp\/v2\/pages\/110\/revisions"}],"predecessor-version":[{"id":360,"href":"https:\/\/anies.ro\/blog\/wp-json\/wp\/v2\/pages\/110\/revisions\/360"}],"wp:attachment":[{"href":"https:\/\/anies.ro\/blog\/wp-json\/wp\/v2\/media?parent=110"}],"curies":[{"name":"wp","href":"https:\/\/api.w.org\/{rel}","templated":true}]}}